{"id":2,"date":"2019-09-23T16:43:38","date_gmt":"2019-09-23T14:43:38","guid":{"rendered":"http:\/\/cateringasamblea.es\/?page_id=2"},"modified":"2026-02-12T01:29:28","modified_gmt":"2026-02-12T00:29:28","slug":"inicio","status":"publish","type":"page","link":"https:\/\/cateringasamblea.es\/","title":{"rendered":"Venta de tickets para la comida tipo picnic de la asamblea del 25-26 de abril del 2026 en Oviedo"},"content":{"rendered":"\n<p><\/p>\n\n\n\n<h1 class=\"wp-block-heading has-text-align-center\"><strong><em>Fijarse bien en los d\u00edas elegidos. Si no se elige correctamente el d\u00eda no se podr\u00e1 dar el picnic.<\/em><\/strong><\/h1>\n\n\n\n<p class=\"has-text-align-center\"><strong><u>La venta de los tickets se cerrar\u00e1 el martes 21 abril del 2026 a las 23,59<\/u>. Una vez pasada esa fecha NO se podr\u00e1n comprar tickets<\/strong><\/p>\n\n\n\n<h3 class=\"wp-block-heading has-text-align-center\"><strong>Esta venta no constituye la entrada al recinto. Unicamente es para el servicio de comida.<\/strong><br><\/h3>\n\n\n\n<p><strong>Se disponen 5 men\u00fas diferentes y 2 opciones sin gluten y 1 opci\u00f3n apta para veganos<\/strong><\/p>\n\n\n\n<p>Se elegir\u00e1n los men\u00fas deseados y se pagar\u00e1n de manera segura por pasarela de pago del sitio web.<\/p>\n\n\n\n<p>Revisar bien todo antes de proceder al pago.<br><\/p>\n\n\n\n<p>Se recibir\u00e1 un mail por cada men\u00fa elegido para as\u00ed poder imprimir y presentar el d\u00eda del evento al pasar a recoger su pedido.<\/p>\n\n\n\n<p>Se dispone de listado de al\u00e9rgenos para cada men\u00fa:<\/p>\n\n\n\n<p><strong>Baguette de jam\u00f3n\nserrano<\/strong>. Al\u00e9rgenos: Gluten. Trazas:\nS\u00e9samo<\/p>\n\n\n<div class=\"wp-block-image is-resized\">\n<figure class=\"aligncenter\"><img loading=\"lazy\" decoding=\"async\" width=\"1024\" height=\"558\" src=\"https:\/\/cateringasamblea.es\/wp-content\/uploads\/2019\/09\/jamon-1024x558.jpg\" alt=\"\" class=\"wp-image-43\" srcset=\"https:\/\/cateringasamblea.es\/wp-content\/uploads\/2019\/09\/jamon-1024x558.jpg 1024w, https:\/\/cateringasamblea.es\/wp-content\/uploads\/2019\/09\/jamon-300x164.jpg 300w, https:\/\/cateringasamblea.es\/wp-content\/uploads\/2019\/09\/jamon-768x419.jpg 768w, https:\/\/cateringasamblea.es\/wp-content\/uploads\/2019\/09\/jamon-1600x872.jpg 1600w\" sizes=\"auto, (max-width: 1024px) 100vw, 1024px\" \/><figcaption class=\"wp-element-caption\">baguette jam\u00f3n<\/figcaption><\/figure>\n<\/div>\n\n\n<p><strong>Ensalada de pasta\n(pasta, at\u00fan, zanahoria, aceituna, ma\u00edz y jam\u00f3n york).<\/strong> Al\u00e9rgenos: Gluten, Soja, Pescado. Trazas: Huevo<br><\/p>\n\n\n<div class=\"wp-block-image is-resized\">\n<figure class=\"aligncenter\"><img loading=\"lazy\" decoding=\"async\" width=\"1024\" height=\"960\" src=\"https:\/\/cateringasamblea.es\/wp-content\/uploads\/2019\/09\/ensalada-pasta-1024x960.jpg\" alt=\"\" class=\"wp-image-44\" srcset=\"https:\/\/cateringasamblea.es\/wp-content\/uploads\/2019\/09\/ensalada-pasta-1024x960.jpg 1024w, https:\/\/cateringasamblea.es\/wp-content\/uploads\/2019\/09\/ensalada-pasta-300x281.jpg 300w, https:\/\/cateringasamblea.es\/wp-content\/uploads\/2019\/09\/ensalada-pasta-768x720.jpg 768w, https:\/\/cateringasamblea.es\/wp-content\/uploads\/2019\/09\/ensalada-pasta-1600x1499.jpg 1600w\" sizes=\"auto, (max-width: 1024px) 100vw, 1024px\" \/><figcaption class=\"wp-element-caption\">Ensalada pasta<\/figcaption><\/figure>\n<\/div>\n\n\n<p><strong>S\u00e1ndwich de jam\u00f3n\nyork y queso.<\/strong> Al\u00e9rgenos: Gluten, Soja,\nHuevo, Lactosa. Trazas: S\u00e9samo<\/p>\n\n\n<div class=\"wp-block-image is-resized\">\n<figure class=\"aligncenter\"><img loading=\"lazy\" decoding=\"async\" width=\"1024\" height=\"682\" src=\"https:\/\/cateringasamblea.es\/wp-content\/uploads\/2019\/09\/sandwich-1024x682.jpg\" alt=\"\" class=\"wp-image-45\" srcset=\"https:\/\/cateringasamblea.es\/wp-content\/uploads\/2019\/09\/sandwich-1024x682.jpg 1024w, https:\/\/cateringasamblea.es\/wp-content\/uploads\/2019\/09\/sandwich-300x200.jpg 300w, https:\/\/cateringasamblea.es\/wp-content\/uploads\/2019\/09\/sandwich-768x511.jpg 768w, https:\/\/cateringasamblea.es\/wp-content\/uploads\/2019\/09\/sandwich-1600x1066.jpg 1600w\" sizes=\"auto, (max-width: 1024px) 100vw, 1024px\" \/><figcaption class=\"wp-element-caption\">sandwich jam\u00f3n york y queso<\/figcaption><\/figure>\n<\/div>\n\n\n<p><strong>Baguette de fiambre de lomo y queso<\/strong>. Al\u00e9rgenos: Gluten, lactosa. Trazas: S\u00e9samo<\/p>\n\n\n\n<p><strong>Ensalada C\u00e9sar.<\/strong> Al\u00e9rgenos: Gluten, Lactosa, Huevos, Pescado, Mostaza<\/p>\n\n\n\n<p>OPCI\u00d3N SIN GLUTEN: <\/p>\n\n\n\n<p><strong>Ensalada de pasta\n(pasta, at\u00fan, zanahoria, aceituna, ma\u00edz y jam\u00f3n york).<\/strong> Al\u00e9rgenos: Soja, Pescado. Trazas: Huevo<\/p>\n\n\n\n<p><strong>Baguette de pollo con lechuga y mahonesa<\/strong>. Al\u00e9rgenos: soja y altramuz<\/p>\n\n\n\n<p>OPCI\u00d3N APTA VEGANA:<\/p>\n\n\n\n<p><strong>Baguette de bocados Heura mediterr\u00e1neo<\/strong>. Al\u00e9rgenos: Gluten, soja. Trazas: Sesamo<\/p>\n\n\n\n<p><\/p>\n\n\n\n<p><strong>En la medida de lo posible intentaremos ofrecer el servicio en envases y soportes respetuosos con el medio ambiente.<\/strong><\/p>\n\n\n\n<p><strong><em>Adem\u00e1s una vez terminado el reparto se ofrecer\u00e1 a cualquier asistente si lo desea caf\u00e9 por un precio ajustado de 1 \u20ac\/caf\u00e9<\/em><\/strong><\/p>\n\n\n\n<p><strong>Nota importante:<\/strong> El presente servicio es ofrecido por el Catering Asturcocteleros SL con n\u00famero de registro sanitario 26.016233\/O.<strong> No existe vinculaci\u00f3n de ning\u00fan tipo entre Catering Asturcocteleros y Testigos de Jehov\u00e1.<\/strong> En caso de dudas o reclamaciones contactar con la direcci\u00f3n de correo electr\u00f3nico info@cateringasamblea.es. <strong>UNICAMENTE SER\u00c1 EL MEDIO POR EL QUE CONTESTAREMOS.<\/strong> Intentaremos contestar los mails en menos de 24 horas.<\/p>\n\n\n\n<iframe data-consent-target src=\"https:\/\/venta.enterticket.es\/buy\/?id=54175&#038;theme=dark&#038;color=888888\" id=\"etktfrm54175\" width=\"100%\" frameBorder=\"0\" allowfullscreen allow=\"fullscreen; payment\"><\/iframe><script type=\"text\/javascript\" src=\"https:\/\/d31tcnbxvxtafg.cloudfront.net\/js\/libraries\/buy.js\"><\/script>\n\n\n<p><!--StartFragment--><\/p>\n\n\n<p class=\"has-text-align-center\"><strong>Si deseas ponerte en contacto con nosotros puedes escribirnos e intentaremos solventar sus dudas en menos de 24 horas. Nuestro correo es info@cateringasamblea.es <\/strong><\/p>\n","protected":false},"excerpt":{"rendered":"<p>Fijarse bien en los d\u00edas elegidos. Si no se elige correctamente el d\u00eda no se podr\u00e1 dar el picnic. La&hellip;<\/p>\n","protected":false},"author":1,"featured_media":0,"parent":0,"menu_order":0,"comment_status":"closed","ping_status":"closed","template":"","meta":{"footnotes":""},"class_list":["post-2","page","type-page","status-publish","hentry"],"_links":{"self":[{"href":"https:\/\/cateringasamblea.es\/index.php\/wp-json\/wp\/v2\/pages\/2","targetHints":{"allow":["GET"]}}],"collection":[{"href":"https:\/\/cateringasamblea.es\/index.php\/wp-json\/wp\/v2\/pages"}],"about":[{"href":"https:\/\/cateringasamblea.es\/index.php\/wp-json\/wp\/v2\/types\/page"}],"author":[{"embeddable":true,"href":"https:\/\/cateringasamblea.es\/index.php\/wp-json\/wp\/v2\/users\/1"}],"replies":[{"embeddable":true,"href":"https:\/\/cateringasamblea.es\/index.php\/wp-json\/wp\/v2\/comments?post=2"}],"version-history":[{"count":34,"href":"https:\/\/cateringasamblea.es\/index.php\/wp-json\/wp\/v2\/pages\/2\/revisions"}],"predecessor-version":[{"id":163,"href":"https:\/\/cateringasamblea.es\/index.php\/wp-json\/wp\/v2\/pages\/2\/revisions\/163"}],"wp:attachment":[{"href":"https:\/\/cateringasamblea.es\/index.php\/wp-json\/wp\/v2\/media?parent=2"}],"curies":[{"name":"wp","href":"https:\/\/api.w.org\/{rel}","templated":true}]}}